{"id":105,"date":"2012-02-26T12:49:36","date_gmt":"2012-02-26T12:49:36","guid":{"rendered":"http:\/\/lg-dornburg.de\/?page_id=105"},"modified":"2025-03-20T12:36:07","modified_gmt":"2025-03-20T11:36:07","slug":"winterlaufserie-2","status":"publish","type":"page","link":"https:\/\/lg-dornburg.de\/?page_id=105","title":{"rendered":"Winterlaufserie"},"content":{"rendered":"<p>Als am 1.1.1989 die LG Dornburg aus den drei Stammvereinen TuS Frickhofen, TuS Langendernbach und TV Wilsenroth gegr\u00fcndet wurde, ahnte man noch nichts von der Erfolgsgeschichte der Winterlaufserie. Drei L\u00e4ufe wurden in den jeweiligen Heimatgemeinden der Vereine &#8211; also in Frickhofen, Langendernbach und Wilsenroth &#8211; organisiert. F\u00fcr Kinder und Sch\u00fclerInnen sollten eine 500 und 1000-m-Strecke zur Verf\u00fcgung stehen. \u201eHobbyl\u00e4uferInnen\u201c und Jugendliche w\u00fcrden sich \u00fcber die 5-km-Distanz beweisen, w\u00e4hrend die \u201eProfis\u201c 10.000-m absolvieren sollten.<\/p>\n<p>Im Jahr 2014 feierte die Winterlaufserie ihren 25. Geburtstag \u2013 ein Meilenstein in der Geschichte dieses beliebten Events. Einzig die Corona-Pandemie zwang die Veranstalter 2020 zur Absage einer der drei Laufveranstaltungen und 2021 fiel die komplette Serie der Pandemie zum Opfer. Doch seit 2022 ist die traditionsreiche Veranstaltung wieder fester Bestandteil des Volkslaufkalenders!<\/p>\n<p>Heute &#8211; nach mittlerweile \u00fcber 30 Jahren &#8211; blicken wir auf \u00fcber 34 Winterlaufserien und damit \u00fcber 90 Einzelveranstaltungen zur\u00fcck, die den L\u00e4uferinnen und L\u00e4ufern die Gelegenheit gaben sich im Winter sich zu messen und Ihre Fr\u00fchform unter Beweis zu stellen. Mit \u00fcber 600 Teilnehmern pro Jahr hat sich die Winterlaufserie zu einer der wohl gr\u00f6\u00dften Laufveranstaltungen in der Region gemausert und zieht auch \u00fcberregionale L\u00e4ufer aus den angrenzenden Bundesl\u00e4ndern an. Aber auch Teilnehmer aus Amerika und der Ukraine waren schon am Start.<\/p>\n<p>Auf den folgenden Seiten erfahren Sie alles \u00fcber Ausschreibungen, Zeitpl\u00e4nen, Strecken etc.<\/p>\n<p>Habens Sie Lust auf die Winterlaufserie bekommen? Dann einfach online anmelden!<\/p>\n<p>Die LG Dornburg freut sich auf Ihr Kommen!<\/p>\n","protected":false},"excerpt":{"rendered":"<p>Als am 1.1.1989 die LG Dornburg aus den drei Stammvereinen TuS Frickhofen, TuS Langendernbach und TV Wilsenroth gegr\u00fcndet wurde, ahnte man noch nichts von der Erfolgsgeschichte der Winterlaufserie. Drei L\u00e4ufe wurden in den jeweiligen Heimatgemeinden der Vereine &#8211; also in Frickhofen, Langendernbach und Wilsenroth &#8211; organisiert. F\u00fcr Kinder und Sch\u00fclerInnen sollten eine 500 und 1000-m-Strecke &hellip; <a href=\"https:\/\/lg-dornburg.de\/?page_id=105\" class=\"more-link\"><span class=\"screen-reader-text\">Winterlaufserie<\/span> weiterlesen <span class=\"meta-nav\">&rarr;<\/span><\/a><\/p>\n","protected":false},"author":1,"featured_media":0,"parent":0,"menu_order":0,"comment_status":"closed","ping_status":"closed","template":"","meta":{"ngg_post_thumbnail":0,"footnotes":""},"class_list":["post-105","page","type-page","status-publish","hentry"],"_links":{"self":[{"href":"https:\/\/lg-dornburg.de\/index.php?rest_route=\/wp\/v2\/pages\/105","targetHints":{"allow":["GET"]}}],"collection":[{"href":"https:\/\/lg-dornburg.de\/index.php?rest_route=\/wp\/v2\/pages"}],"about":[{"href":"https:\/\/lg-dornburg.de\/index.php?rest_route=\/wp\/v2\/types\/page"}],"author":[{"embeddable":true,"href":"https:\/\/lg-dornburg.de\/index.php?rest_route=\/wp\/v2\/users\/1"}],"replies":[{"embeddable":true,"href":"https:\/\/lg-dornburg.de\/index.php?rest_route=%2Fwp%2Fv2%2Fcomments&post=105"}],"version-history":[{"count":14,"href":"https:\/\/lg-dornburg.de\/index.php?rest_route=\/wp\/v2\/pages\/105\/revisions"}],"predecessor-version":[{"id":17749,"href":"https:\/\/lg-dornburg.de\/index.php?rest_route=\/wp\/v2\/pages\/105\/revisions\/17749"}],"wp:attachment":[{"href":"https:\/\/lg-dornburg.de\/index.php?rest_route=%2Fwp%2Fv2%2Fmedia&parent=105"}],"curies":[{"name":"wp","href":"https:\/\/api.w.org\/{rel}","templated":true}]}}