{"id":14,"date":"2012-02-24T23:00:27","date_gmt":"2012-02-24T23:00:27","guid":{"rendered":"http:\/\/lg-dornburg.de\/?page_id=14"},"modified":"2026-03-06T09:55:03","modified_gmt":"2026-03-06T08:55:03","slug":"onlineanmeldung-winterlaufserie","status":"publish","type":"page","link":"https:\/\/lg-dornburg.de\/?page_id=14","title":{"rendered":"Onlineanmeldung"},"content":{"rendered":"<p>Die Onlineanmeldung zum Winterlauf in Wilsenroth am 07.03.26 ist geschlossen. Nachmeldungen sind am Veranstaltungstag im Wettkampfb\u00fcro bis ca. 1 Stunde vor dem Start gegen eine Geb\u00fchr von 2,00 Euro m\u00f6glich<\/p>\n","protected":false},"excerpt":{"rendered":"<p>Die Onlineanmeldung zum Winterlauf in Wilsenroth am 07.03.26 ist geschlossen. Nachmeldungen sind am Veranstaltungstag im Wettkampfb\u00fcro bis ca. 1 Stunde vor dem Start gegen eine Geb\u00fchr von 2,00 Euro m\u00f6glich<\/p>\n","protected":false},"author":1,"featured_media":0,"parent":105,"menu_order":0,"comment_status":"closed","ping_status":"closed","template":"","meta":{"ngg_post_thumbnail":0,"footnotes":""},"class_list":["post-14","page","type-page","status-publish","hentry"],"_links":{"self":[{"href":"https:\/\/lg-dornburg.de\/index.php?rest_route=\/wp\/v2\/pages\/14","targetHints":{"allow":["GET"]}}],"collection":[{"href":"https:\/\/lg-dornburg.de\/index.php?rest_route=\/wp\/v2\/pages"}],"about":[{"href":"https:\/\/lg-dornburg.de\/index.php?rest_route=\/wp\/v2\/types\/page"}],"author":[{"embeddable":true,"href":"https:\/\/lg-dornburg.de\/index.php?rest_route=\/wp\/v2\/users\/1"}],"replies":[{"embeddable":true,"href":"https:\/\/lg-dornburg.de\/index.php?rest_route=%2Fwp%2Fv2%2Fcomments&post=14"}],"version-history":[{"count":72,"href":"https:\/\/lg-dornburg.de\/index.php?rest_route=\/wp\/v2\/pages\/14\/revisions"}],"predecessor-version":[{"id":18579,"href":"https:\/\/lg-dornburg.de\/index.php?rest_route=\/wp\/v2\/pages\/14\/revisions\/18579"}],"up":[{"embeddable":true,"href":"https:\/\/lg-dornburg.de\/index.php?rest_route=\/wp\/v2\/pages\/105"}],"wp:attachment":[{"href":"https:\/\/lg-dornburg.de\/index.php?rest_route=%2Fwp%2Fv2%2Fmedia&parent=14"}],"curies":[{"name":"wp","href":"https:\/\/api.w.org\/{rel}","templated":true}]}}