{"id":3299,"date":"2014-04-27T19:36:33","date_gmt":"2014-04-27T17:36:33","guid":{"rendered":"http:\/\/lg-dornburg.de\/?page_id=3299"},"modified":"2019-06-06T21:14:43","modified_gmt":"2019-06-06T19:14:43","slug":"onlineabmeldung-jubilaeumslauf-2014","status":"publish","type":"page","link":"https:\/\/lg-dornburg.de\/?page_id=3299","title":{"rendered":"Onlineanmeldung Jubil\u00e4umslauf 2019"},"content":{"rendered":"<p>Onlineanmeldung zum Jubil\u00e4umslauf nicht mehr m\u00f6glich. Nachmeldungen sind am Veranstaltungstag im Wettkampfb\u00fcro bis ca . 1 Stunde vor dem Start gegen eine Geb\u00fchr von 2,00 Euro m\u00f6glich<\/p>\n","protected":false},"excerpt":{"rendered":"<p>Onlineanmeldung zum Jubil\u00e4umslauf nicht mehr m\u00f6glich. Nachmeldungen sind am Veranstaltungstag im Wettkampfb\u00fcro bis ca . 1 Stunde vor dem Start gegen eine Geb\u00fchr von 2,00 Euro m\u00f6glich<\/p>\n","protected":false},"author":1,"featured_media":0,"parent":2632,"menu_order":0,"comment_status":"closed","ping_status":"closed","template":"","meta":{"ngg_post_thumbnail":0,"footnotes":""},"class_list":["post-3299","page","type-page","status-publish","hentry"],"_links":{"self":[{"href":"https:\/\/lg-dornburg.de\/index.php?rest_route=\/wp\/v2\/pages\/3299","targetHints":{"allow":["GET"]}}],"collection":[{"href":"https:\/\/lg-dornburg.de\/index.php?rest_route=\/wp\/v2\/pages"}],"about":[{"href":"https:\/\/lg-dornburg.de\/index.php?rest_route=\/wp\/v2\/types\/page"}],"author":[{"embeddable":true,"href":"https:\/\/lg-dornburg.de\/index.php?rest_route=\/wp\/v2\/users\/1"}],"replies":[{"embeddable":true,"href":"https:\/\/lg-dornburg.de\/index.php?rest_route=%2Fwp%2Fv2%2Fcomments&post=3299"}],"version-history":[{"count":6,"href":"https:\/\/lg-dornburg.de\/index.php?rest_route=\/wp\/v2\/pages\/3299\/revisions"}],"predecessor-version":[{"id":14947,"href":"https:\/\/lg-dornburg.de\/index.php?rest_route=\/wp\/v2\/pages\/3299\/revisions\/14947"}],"up":[{"embeddable":true,"href":"https:\/\/lg-dornburg.de\/index.php?rest_route=\/wp\/v2\/pages\/2632"}],"wp:attachment":[{"href":"https:\/\/lg-dornburg.de\/index.php?rest_route=%2Fwp%2Fv2%2Fmedia&parent=3299"}],"curies":[{"name":"wp","href":"https:\/\/api.w.org\/{rel}","templated":true}]}}