{"id":449,"date":"2012-04-16T18:07:10","date_gmt":"2012-04-16T16:07:10","guid":{"rendered":"http:\/\/lg-dornburg.de\/?page_id=449"},"modified":"2026-02-13T17:54:41","modified_gmt":"2026-02-13T16:54:41","slug":"ausschreibung-wls","status":"publish","type":"page","link":"https:\/\/lg-dornburg.de\/?page_id=449","title":{"rendered":"WLS Ausschreibung"},"content":{"rendered":"<h1>35. Winterlaufserie 2026 der LG Dornburg<\/h1>\n<p>&nbsp; &nbsp; &nbsp; &nbsp; &nbsp; &nbsp; &nbsp; &nbsp; &nbsp; &nbsp; &nbsp; &nbsp; &nbsp; &nbsp; &nbsp; &nbsp; &nbsp; &nbsp; &nbsp; &nbsp; &nbsp; &nbsp; &nbsp;<\/p>\n<table border=\"1\">\n<tbody>\n<tr>\n<th>Termine:<\/th>\n<th style=\"text-align: left;\"><b>07. Februar &#8211; 1. Lauf in Frickhofen<\/b><\/p>\n<p style=\"text-align: left;\">21<b>. Februar&nbsp; &#8211; 2. Lauf in Langendernbach<\/b><\/p>\n<p style=\"text-align: left;\">07.M\u00e4rz <b>&#8211; 3. Lauf in Wilsenroth<br \/>\n<\/b><\/p>\n<\/th>\n<\/tr>\n<tr>\n<td>Wettbewerbe<br \/>\nund Startzeiten:<\/td>\n<td>13.30 Uhr: 500-m-Kinder U6\/U8 Lauf (JG 2019 und j\u00fcnger)<br \/>\n13.40 Uhr: 1-km-Lauf Kinder, U10 (JG 2018-2017)<br \/>\n13.50 Uhr: 1-km-Lauf Kinder U12 (JG 2015-2016)<br \/>\n14.00 Uhr: 1-km-Lauf Kinder&nbsp; und Jugend U14 und U16 (JG 2014-2011)<br \/>\n14.15 Uhr: 5-km-Lauf Jugend U18-U20 (JG 2010-2007)<br \/>\n14.15 Uhr: 5-km-Lauf Jedermann &amp; Jedefrau*<br \/>\n14.15 Uhr: 5-km-Walking*<br \/>\n15.15 Uhr: 10-km-Hauptlauf*<br \/>\n*Anmerkung:&nbsp;Die 5-km und 10-km Strecke in Frickhofen wurde offiziell nach DLV-Vorgabe vermessen und sind bestenlistentauglich!<\/td>\n<\/tr>\n<tr>\n<td>Streckenpl\u00e4ne<\/td>\n<td><a href=\"https:\/\/lg-dornburg.de\/wp-content\/uploads\/2025\/02\/STRECKE-Frickhofen-2025.pdf\" target=\"_blank\" rel=\"noopener\">1. Lauf Frickhofen<\/a><\/p>\n<p><a href=\"https:\/\/lg-dornburg.de\/wp-content\/uploads\/2025\/03\/STRECKE-Langendernbach-2025.pdf\" target=\"_blank\" rel=\"noopener\">2. Lauf Langendernbach I Neu<\/a><\/p>\n<p><a href=\"https:\/\/lg-dornburg.de\/wp-content\/uploads\/2026\/02\/3.-Lauf-Wilsenroth.pdf\" target=\"_blank\" rel=\"noopener noreferrer\">3.Lauf Wilsenroth<\/a><\/p>\n<p>&nbsp;<\/p>\n<p>&nbsp;<\/td>\n<\/tr>\n<tr>\n<td>Wertung:<\/td>\n<td>Nach LAO-Altersklasseneinteilung (au\u00dfer Jedermannl\u00e4ufer)<\/td>\n<\/tr>\n<tr>\n<td>Serienwertung:<\/td>\n<td>Einzelstarter mit der besten Gesamtzeit aller drei Veranstaltungen<br \/>\n(Addition der Zeiten) gewinnen die Serienwertung. Dabei z\u00e4hlen nur Starts<br \/>\n\u00fcber jeweils die gleiche Distanz.<\/td>\n<\/tr>\n<tr>\n<td>Startgeb\u00fchren:<\/td>\n<td>500-m-Lauf: 3,00\u20ac<br \/>\n1-km-Lauf: 4,00\u20ac<br \/>\n5-km-Lauf\/Walking: 6,00\u20ac<br \/>\n10-km-Lauf: 8,00\u20ac<\/td>\n<\/tr>\n<tr>\n<td>Auszeichnung:<\/td>\n<td>Urkunde f\u00fcr jeden Teilnehmer; Ergebnisliste f\u00fcr jeden teilnehmenden Verein, Ehrenpreise f\u00fcr die Einzel- und Seriensieger.<\/td>\n<\/tr>\n<tr>\n<td>Ergebnislisten:<\/td>\n<td>Jeweils zwei Tage nach der Veranstaltung auf der Homepage der LG Dornburg: www.lg-dornburg.de. Ergebnislisten k\u00f6nnen bei Vorbestellung kostenlos jeweils bei<br \/>\nder folgenden Veranstaltung mitgenommen werden. Zusendung ist gegen eine Geb\u00fchr von jeweils 1,50 \u20ac m\u00f6glich.<\/td>\n<\/tr>\n<tr>\n<td>Informationen:<\/td>\n<td>Postal: Sebastian Schneider, Ringstra\u00dfe , 65599 Dornburg-Frickhofen<br \/>\nTelefonisch: Sebastian Schneider (0170)2430871<br \/>\n<a title=\"E-Mail\" href=\"mailto:meldung@lg-dornburg.de\">meldung@lg-dornburg.de<\/a><\/td>\n<\/tr>\n<tr>\n<td>Anmeldung:<\/td>\n<td><strong>bis 2 Tage vor der Veranstaltung. Meldung mit der Angabe von Vor- und Zuname, Wohnort oder Verein, Geburtsjahr, Altersklasse und Laufstrecke<\/strong><\/td>\n<\/tr>\n<tr>\n<td>Nachmeldung:<\/td>\n<td>Bis 1 Stunde vor dem Start. Geb\u00fchr: 3,00 Euro<\/td>\n<\/tr>\n<tr>\n<td>Haftung:<\/td>\n<td>Die Veranstalter \u00fcbernehmen keine Haftung f\u00fcr Sch\u00e4den jeglicher Art.<\/p>\n<p>Die Teilnahme erfolgt auf eigene Gefahr.<\/td>\n<\/tr>\n<tr>\n<td>Sanit\u00e4tsdienst:<\/td>\n<td>DRK Dornburg<\/td>\n<\/tr>\n<tr>\n<td>Ordnungsdienst:<\/td>\n<td>Helfer der LG-Dornburg<\/td>\n<\/tr>\n<tr>\n<td>Weitere Hinweise:<\/td>\n<td>Die L\u00e4ufe sind beim DLV gemeldet und genehmigt. Volkslauf-Wertungsstempel sind erh\u00e4ltlich. Getr\u00e4nke (Tee u.a.) und Imbiss werden angeboten. In Wilsenroth finden Anmeldung und die Siegerehrungen in der Mehrzweckhalle statt. Dort sind auch die Umkleiden und Duschen untergebracht. Start und Ziel ist am Kindergarten in Dornburg-Wilsenroth.<\/td>\n<\/tr>\n<tr>\n<th>&nbsp;<\/th>\n<td><a title=\"Hier gelangen Sie zur Online Anmeldung!\" href=\"https:\/\/lg-dornburg.de\/?page_id=14\" target=\"_blank\" rel=\"noopener noreferrer\">Die bequeme Online-Anmeldung steht f\u00fcr Sie zur Verf\u00fcgung<\/a><\/td>\n<\/tr>\n<\/tbody>\n<\/table>\n<p>&nbsp;<\/p>\n<p>&nbsp;<\/p>\n","protected":false},"excerpt":{"rendered":"<p>35. Winterlaufserie 2026 der LG Dornburg &nbsp; &nbsp; &nbsp; &nbsp; &nbsp; &nbsp; &nbsp; &nbsp; &nbsp; &nbsp; &nbsp; &nbsp; &nbsp; &nbsp; &nbsp; &nbsp; &nbsp; &nbsp; &nbsp; &nbsp; &nbsp; &nbsp; &nbsp; Termine: 07. Februar &#8211; 1. Lauf in Frickhofen 21. Februar&nbsp; &#8211; 2. Lauf in Langendernbach 07.M\u00e4rz &#8211; 3. Lauf in Wilsenroth Wettbewerbe und Startzeiten: 13.30 Uhr: &hellip; <a href=\"https:\/\/lg-dornburg.de\/?page_id=449\" class=\"more-link\"><span class=\"screen-reader-text\">WLS Ausschreibung<\/span> weiterlesen <span class=\"meta-nav\">&rarr;<\/span><\/a><\/p>\n","protected":false},"author":2,"featured_media":0,"parent":105,"menu_order":0,"comment_status":"closed","ping_status":"closed","template":"","meta":{"ngg_post_thumbnail":0,"footnotes":""},"class_list":["post-449","page","type-page","status-publish","hentry"],"_links":{"self":[{"href":"https:\/\/lg-dornburg.de\/index.php?rest_route=\/wp\/v2\/pages\/449","targetHints":{"allow":["GET"]}}],"collection":[{"href":"https:\/\/lg-dornburg.de\/index.php?rest_route=\/wp\/v2\/pages"}],"about":[{"href":"https:\/\/lg-dornburg.de\/index.php?rest_route=\/wp\/v2\/types\/page"}],"author":[{"embeddable":true,"href":"https:\/\/lg-dornburg.de\/index.php?rest_route=\/wp\/v2\/users\/2"}],"replies":[{"embeddable":true,"href":"https:\/\/lg-dornburg.de\/index.php?rest_route=%2Fwp%2Fv2%2Fcomments&post=449"}],"version-history":[{"count":103,"href":"https:\/\/lg-dornburg.de\/index.php?rest_route=\/wp\/v2\/pages\/449\/revisions"}],"predecessor-version":[{"id":18397,"href":"https:\/\/lg-dornburg.de\/index.php?rest_route=\/wp\/v2\/pages\/449\/revisions\/18397"}],"up":[{"embeddable":true,"href":"https:\/\/lg-dornburg.de\/index.php?rest_route=\/wp\/v2\/pages\/105"}],"wp:attachment":[{"href":"https:\/\/lg-dornburg.de\/index.php?rest_route=%2Fwp%2Fv2%2Fmedia&parent=449"}],"curies":[{"name":"wp","href":"https:\/\/api.w.org\/{rel}","templated":true}]}}