{"id":5176,"date":"2015-05-09T11:07:41","date_gmt":"2015-05-09T09:07:41","guid":{"rendered":"http:\/\/lg-dornburg.de\/?page_id=5176"},"modified":"2025-04-24T17:58:23","modified_gmt":"2025-04-24T15:58:23","slug":"ausschreibung","status":"publish","type":"page","link":"https:\/\/lg-dornburg.de\/?page_id=5176","title":{"rendered":"Ausschreibung 2025"},"content":{"rendered":"<p><strong>Dornburger Sprintcup 2025<\/strong><\/p>\n<p>&nbsp;<\/p>\n<p><strong>Wettkampfst\u00e4tte:<\/strong> &nbsp;&nbsp;&nbsp;&nbsp;&nbsp;&nbsp;&nbsp; Schulstadion Westerburg, W\u00f6rthstra\u00dfe<\/p>\n<p><strong>Datum:<\/strong> &nbsp;&nbsp;&nbsp;&nbsp;&nbsp;&nbsp;&nbsp;&nbsp;&nbsp;&nbsp;&nbsp;&nbsp;&nbsp;&nbsp;&nbsp;&nbsp;&nbsp;&nbsp;&nbsp;&nbsp;&nbsp;&nbsp; Mittwoch, 7. Mai 2025, ab 17.00 Uhr<\/p>\n<p>&nbsp;<\/p>\n<p><strong>Wettbewerbe: <\/strong><\/p>\n<p>50m:&nbsp;&nbsp;&nbsp;&nbsp;&nbsp;&nbsp;&nbsp;&nbsp;&nbsp;&nbsp;&nbsp;&nbsp;&nbsp;&nbsp;&nbsp; Kinder U10\/U12<\/p>\n<p>75m:&nbsp;&nbsp;&nbsp;&nbsp;&nbsp;&nbsp;&nbsp;&nbsp;&nbsp;&nbsp;&nbsp;&nbsp;&nbsp;&nbsp;&nbsp; Jugend U14<\/p>\n<p>100m: &nbsp;&nbsp;&nbsp;&nbsp;&nbsp;&nbsp;&nbsp;&nbsp;&nbsp;&nbsp;&nbsp; Jugend U16, Jugend, M\u00e4nner, Frauen, Senioren\/-innen<\/p>\n<p>&nbsp;<\/p>\n<p><strong>Es finden jeweils zwei L\u00e4ufe statt! Die L\u00e4ufer mit der besten Gesamtzeit addiert aus beiden L\u00e4ufen gewinnt die jeweilige Altersklassenwertung. <\/strong><\/p>\n<p><strong>&nbsp;<\/strong><\/p>\n<p><strong>Alle L\u00e4ufe werden mit elektronischer Zeitnahme gestoppt. <\/strong><\/p>\n<p><strong>&nbsp;<\/strong><\/p>\n<p><strong>Auszeichnungen:<\/strong> &nbsp;&nbsp;&nbsp;&nbsp;&nbsp;&nbsp;&nbsp; Die ersten Drei jedes Wettbewerbes erhalten Urkunden.<\/p>\n<p>&nbsp;<\/p>\n<p><strong>Ergebnislisten:<\/strong> &nbsp;&nbsp;&nbsp;&nbsp;&nbsp;&nbsp;&nbsp;&nbsp;&nbsp;&nbsp;&nbsp; &nbsp;&nbsp;&nbsp;&nbsp;&nbsp;&nbsp;&nbsp;&nbsp;&nbsp;&nbsp;&nbsp; Die Ergebnisse sind unter http:\/\/www.lg-dornburg.de einzusehen.<\/p>\n<p>&nbsp;<\/p>\n<p><strong>Meldungen:<\/strong> &nbsp;&nbsp;&nbsp;&nbsp;&nbsp;&nbsp;&nbsp;&nbsp;&nbsp;&nbsp;&nbsp;&nbsp;&nbsp;&nbsp;&nbsp; mit Angabe der aktuellen Bestzeit (alle L\u00e4ufe sind Zeitl\u00e4ufe!) bis zum 05.05.2025 &nbsp;an:<\/p>\n<p>&nbsp;<\/p>\n<p><strong>Meldeadresse:<\/strong> &nbsp;&nbsp;&nbsp;&nbsp;&nbsp;&nbsp;&nbsp;&nbsp;&nbsp;&nbsp;&nbsp; Sebastian Schneider Tel. 0170 2430871, Mail: meldung@lg-dornburg.de<\/p>\n<p>&nbsp;<\/p>\n<p><strong>Startgeld:<\/strong> &nbsp;&nbsp;&nbsp;&nbsp;&nbsp;&nbsp;&nbsp;&nbsp;&nbsp;&nbsp;&nbsp;&nbsp;&nbsp;&nbsp;&nbsp;&nbsp;&nbsp;&nbsp; M\u00e4nner\/Frauen\/Senioren: 6,00 Euro, Jugend: 3,00 Euro, Sch\u00fcler: 2,00 Euro jeweils &nbsp;&nbsp;&nbsp;&nbsp;&nbsp;&nbsp;&nbsp;&nbsp;&nbsp;&nbsp;&nbsp;&nbsp;&nbsp;&nbsp;&nbsp;&nbsp;&nbsp;&nbsp;&nbsp;&nbsp;&nbsp;&nbsp;&nbsp; &nbsp;&nbsp;&nbsp;&nbsp;&nbsp;&nbsp;&nbsp;&nbsp;&nbsp;&nbsp;&nbsp; pro Disziplin; Nachmeldungen: 2,- Euro zus\u00e4tzlich<\/p>\n<p>&nbsp;<\/p>\n<p>Zeitplan (\u00c4nderungen vorbehalten!)<\/p>\n<table width=\"676\">\n<tbody>\n<tr>\n<td width=\"45\"><strong>Zeit<\/strong><\/td>\n<td width=\"97\"><strong>Kinder m\u00e4nnlich<\/strong><\/td>\n<td width=\"97\"><strong>M\u00e4nnliche<\/strong><\/p>\n<p><strong>Jugend U18+U20<\/strong><\/td>\n<td width=\"102\"><strong>M\u00e4nner\/<\/strong><\/p>\n<p><strong>Senioren<\/strong><\/td>\n<td width=\"97\"><strong>Kinder weiblich<\/strong><\/td>\n<td width=\"97\"><strong>Weibliche Jugend<\/strong><\/p>\n<p><strong>U18+U20<\/strong><\/td>\n<td width=\"97\"><strong>Frauen\/ Seniorinnen<\/strong><\/td>\n<td width=\"45\"><strong>Zeit<\/strong><\/td>\n<\/tr>\n<tr>\n<td width=\"45\"><strong>17.00<\/strong><\/td>\n<td width=\"97\"><strong>50m 1. Lauf<\/strong><\/p>\n<p><strong>(U12)<\/strong><\/td>\n<td width=\"97\"><strong>&nbsp;<\/strong><\/p>\n<p><strong>&nbsp;<\/strong><\/td>\n<td width=\"102\"><strong>&nbsp;<\/strong><\/td>\n<td width=\"97\"><strong>&nbsp;<\/strong><\/td>\n<td width=\"97\"><strong>&nbsp;<\/strong><\/td>\n<td width=\"97\"><strong>&nbsp;<\/strong><\/td>\n<td width=\"45\"><strong>17.00<\/strong><\/td>\n<\/tr>\n<tr>\n<td width=\"45\"><strong>17.15<\/strong><\/td>\n<td width=\"97\"><strong>&nbsp;<\/strong><\/p>\n<p><strong>&nbsp;<\/strong><\/td>\n<td width=\"97\"><strong>&nbsp;<\/strong><\/td>\n<td width=\"102\"><strong>&nbsp;<\/strong><\/td>\n<td width=\"97\"><strong>50m 1. Lauf<\/strong><\/p>\n<p><strong>(U12)<\/strong><\/td>\n<td width=\"97\"><strong>&nbsp;<\/strong><\/td>\n<td width=\"97\"><strong>&nbsp;<\/strong><\/td>\n<td width=\"45\"><strong>17.15<\/strong><\/td>\n<\/tr>\n<tr>\n<td width=\"45\"><strong>17.30<\/strong><\/td>\n<td width=\"97\"><strong>75m 1. Lauf<\/strong><\/p>\n<p><strong>(U14)<\/strong><\/td>\n<td width=\"97\"><strong>&nbsp;<\/strong><\/td>\n<td width=\"102\"><strong>&nbsp;<\/strong><\/td>\n<td width=\"97\"><strong>75m 1. Lauf<\/strong><\/p>\n<p><strong>(U14)<\/strong><\/td>\n<td width=\"97\"><strong>&nbsp;<\/strong><\/td>\n<td width=\"97\"><strong>&nbsp;<\/strong><\/td>\n<td width=\"45\"><strong>17.30<\/strong><\/td>\n<\/tr>\n<tr>\n<td width=\"45\"><strong>17.40<\/strong><\/td>\n<td width=\"97\"><strong>&nbsp;<\/strong><\/p>\n<p><strong>&nbsp;<\/strong><\/td>\n<td width=\"97\"><strong>&nbsp;<\/strong><\/td>\n<td width=\"102\"><strong>&nbsp;<\/strong><\/td>\n<td width=\"97\"><strong>&nbsp;<\/strong><\/td>\n<td width=\"97\"><strong>&nbsp;<\/strong><\/td>\n<td width=\"97\"><strong>&nbsp;<\/strong><\/td>\n<td width=\"45\"><strong>17.40<\/strong><\/td>\n<\/tr>\n<tr>\n<td width=\"45\"><strong>17.50<\/strong><\/td>\n<td width=\"97\"><strong>100m 1. Lauf<\/strong><\/p>\n<p><strong>(U16)<\/strong><\/td>\n<td width=\"97\"><strong>&nbsp;<\/strong><\/td>\n<td width=\"102\"><strong>&nbsp;<\/strong><\/td>\n<td width=\"97\"><strong>&nbsp;<\/strong><\/td>\n<td width=\"97\"><strong>&nbsp;<\/strong><\/p>\n<p><strong>&nbsp;<\/strong><\/td>\n<td width=\"97\"><strong>&nbsp;<\/strong><\/td>\n<td width=\"45\"><strong>17.50<\/strong><\/td>\n<\/tr>\n<tr>\n<td width=\"45\"><strong>18.00<\/strong><\/p>\n<p><strong>&nbsp;<\/strong><\/td>\n<td width=\"97\"><strong>&nbsp;<\/strong><\/td>\n<td width=\"97\"><strong>&nbsp;<\/strong><\/td>\n<td width=\"102\"><strong>&nbsp;<\/strong><\/td>\n<td width=\"97\"><strong>100m 1. Lauf<\/strong><\/p>\n<p><strong>(U16)<\/strong><\/td>\n<td width=\"97\"><strong>&nbsp;<\/strong><\/td>\n<td width=\"97\"><strong>&nbsp;<\/strong><\/td>\n<td width=\"45\"><strong>18.00<\/strong><\/p>\n<p><strong>&nbsp;<\/strong><\/td>\n<\/tr>\n<tr>\n<td width=\"45\"><strong>18.10<\/strong><\/td>\n<td width=\"97\"><strong>&nbsp;<\/strong><\/td>\n<td width=\"97\"><strong>100m 1. Lauf<\/strong><\/td>\n<td width=\"102\"><strong>100m 1. Lauf<\/strong><\/p>\n<p><strong>&nbsp;<\/strong><\/td>\n<td width=\"97\"><strong>&nbsp;<\/strong><\/td>\n<td width=\"97\"><strong>&nbsp;<\/strong><\/td>\n<td width=\"97\"><strong>&nbsp;<\/strong><\/td>\n<td width=\"45\"><strong>18.10<\/strong><\/td>\n<\/tr>\n<tr>\n<td width=\"45\"><strong>18.20<\/strong><\/td>\n<td width=\"97\"><strong>&nbsp;<\/strong><\/td>\n<td width=\"97\"><strong>&nbsp;<\/strong><\/td>\n<td width=\"102\"><strong>&nbsp;<\/strong><\/td>\n<td width=\"97\"><strong>&nbsp;<\/strong><\/td>\n<td width=\"97\"><strong>100m 1. Lauf<\/strong><\/td>\n<td width=\"97\"><strong>100m 1. Lauf<\/strong><\/p>\n<p><strong>&nbsp;<\/strong><\/td>\n<td width=\"45\"><strong>18.20<\/strong><\/td>\n<\/tr>\n<\/tbody>\n<\/table>\n<p>DER 2. LAUF WIRD DIREKT NACH DEM ENDE DES 1. DURCHGANGS IN GLEICHER REIHENFOLGE DURCHGEF\u00dcHRT.<\/p>\n","protected":false},"excerpt":{"rendered":"<p>Dornburger Sprintcup 2025 &nbsp; Wettkampfst\u00e4tte: &nbsp;&nbsp;&nbsp;&nbsp;&nbsp;&nbsp;&nbsp; Schulstadion Westerburg, W\u00f6rthstra\u00dfe Datum: &nbsp;&nbsp;&nbsp;&nbsp;&nbsp;&nbsp;&nbsp;&nbsp;&nbsp;&nbsp;&nbsp;&nbsp;&nbsp;&nbsp;&nbsp;&nbsp;&nbsp;&nbsp;&nbsp;&nbsp;&nbsp;&nbsp; Mittwoch, 7. Mai 2025, ab 17.00 Uhr &nbsp; Wettbewerbe: 50m:&nbsp;&nbsp;&nbsp;&nbsp;&nbsp;&nbsp;&nbsp;&nbsp;&nbsp;&nbsp;&nbsp;&nbsp;&nbsp;&nbsp;&nbsp; Kinder U10\/U12 75m:&nbsp;&nbsp;&nbsp;&nbsp;&nbsp;&nbsp;&nbsp;&nbsp;&nbsp;&nbsp;&nbsp;&nbsp;&nbsp;&nbsp;&nbsp; Jugend U14 100m: &nbsp;&nbsp;&nbsp;&nbsp;&nbsp;&nbsp;&nbsp;&nbsp;&nbsp;&nbsp;&nbsp; Jugend U16, Jugend, M\u00e4nner, Frauen, Senioren\/-innen &nbsp; Es finden jeweils zwei L\u00e4ufe statt! Die L\u00e4ufer mit der besten Gesamtzeit addiert aus beiden L\u00e4ufen gewinnt die jeweilige Altersklassenwertung. &hellip; <a href=\"https:\/\/lg-dornburg.de\/?page_id=5176\" class=\"more-link\"><span class=\"screen-reader-text\">Ausschreibung 2025<\/span> weiterlesen <span class=\"meta-nav\">&rarr;<\/span><\/a><\/p>\n","protected":false},"author":1,"featured_media":0,"parent":5174,"menu_order":0,"comment_status":"closed","ping_status":"closed","template":"","meta":{"ngg_post_thumbnail":0,"footnotes":""},"class_list":["post-5176","page","type-page","status-publish","hentry"],"_links":{"self":[{"href":"https:\/\/lg-dornburg.de\/index.php?rest_route=\/wp\/v2\/pages\/5176","targetHints":{"allow":["GET"]}}],"collection":[{"href":"https:\/\/lg-dornburg.de\/index.php?rest_route=\/wp\/v2\/pages"}],"about":[{"href":"https:\/\/lg-dornburg.de\/index.php?rest_route=\/wp\/v2\/types\/page"}],"author":[{"embeddable":true,"href":"https:\/\/lg-dornburg.de\/index.php?rest_route=\/wp\/v2\/users\/1"}],"replies":[{"embeddable":true,"href":"https:\/\/lg-dornburg.de\/index.php?rest_route=%2Fwp%2Fv2%2Fcomments&post=5176"}],"version-history":[{"count":32,"href":"https:\/\/lg-dornburg.de\/index.php?rest_route=\/wp\/v2\/pages\/5176\/revisions"}],"predecessor-version":[{"id":17942,"href":"https:\/\/lg-dornburg.de\/index.php?rest_route=\/wp\/v2\/pages\/5176\/revisions\/17942"}],"up":[{"embeddable":true,"href":"https:\/\/lg-dornburg.de\/index.php?rest_route=\/wp\/v2\/pages\/5174"}],"wp:attachment":[{"href":"https:\/\/lg-dornburg.de\/index.php?rest_route=%2Fwp%2Fv2%2Fmedia&parent=5176"}],"curies":[{"name":"wp","href":"https:\/\/api.w.org\/{rel}","templated":true}]}}