{"id":5187,"date":"2015-05-09T11:17:59","date_gmt":"2015-05-09T09:17:59","guid":{"rendered":"http:\/\/lg-dornburg.de\/?page_id=5187"},"modified":"2024-05-24T17:46:14","modified_gmt":"2024-05-24T15:46:14","slug":"onlineanmeldung","status":"publish","type":"page","link":"https:\/\/lg-dornburg.de\/?page_id=5187","title":{"rendered":"Onlineanmeldung Sprintcoup"},"content":{"rendered":"<div id=\"usermessage5a\" class=\"cf_info \"><\/div><form enctype=\"multipart\/form-data\" action=\"\/index.php?rest_route=%2Fwp%2Fv2%2Fpages%2F5187#usermessage5a\" method=\"post\" class=\"cform onlineanmeldung-dornburger-sprintcup \" id=\"cforms5form\"><fieldset class=\"cf-fs1\" style=\"\"><legend>Anmeldung 7. Dornburger Sprintcup 2025<\/legend><ol class=\"cf-ol\"><li id=\"li-5-2\" class=\"textonly\">Schulstadion Westerburg, W\u00f6rthstra\u00dfe<\/li><li id=\"li-5-3\" class=\"textonly\">Athletendaten -Bitte folgende Felder ausf\u00fcllen-<\/li><li id=\"li-5-4\" class=\"\"><label id=\"label-5-4\" for=\"cf5_field_4\"><span>Nachname<\/span><\/label><input type=\"text\" name=\"cf5_field_4\" id=\"cf5_field_4\" class=\"single fldrequired\" value=\"\" title=\"\"\/><span class=\"reqtxt\">(Pflichfeld)<\/span><\/li><li id=\"li-5-5\" class=\"\"><label id=\"label-5-5\" for=\"cf5_field_5\"><span>Vorname<\/span><\/label><input type=\"text\" name=\"cf5_field_5\" id=\"cf5_field_5\" class=\"single fldrequired\" value=\"\" title=\"\"\/><span class=\"reqtxt\">(Pflichfeld)<\/span><\/li><li id=\"li-5-6\" class=\"\"><label id=\"label-5-6\" for=\"cf5_field_6\"><span>Geburtsjahr<\/span><\/label><input type=\"text\" name=\"cf5_field_6\" id=\"cf5_field_6\" class=\"single fldrequired\" value=\"\" title=\"\"\/><span class=\"reqtxt\">(Pflichfeld)<\/span><\/li><li id=\"li-5-7\" class=\"\"><label id=\"label-5-7\" for=\"cf5_field_7\"><span>Geschlecht<\/span><\/label><select name=\"cf5_field_7\" id=\"cf5_field_7\" class=\"cformselect\" title=\"\"><option value=\"weiblich\">weiblich<\/option><option value=\"m\u00e4nnlich\">m\u00e4nnlich<\/option><\/select><\/li><li id=\"li-5-8\" class=\"\"><label id=\"label-5-8\" for=\"cf5_field_8\"><span>Altersklasse<\/span><\/label><select name=\"cf5_field_8\" id=\"cf5_field_8\" class=\"cformselect\" title=\"\"><option value=\"keine Angabe\" selected=\"selected\">keine Angabe<\/option><option value=\"U6\">U6<\/option><option value=\"U8\">U8<\/option><option value=\"U10\">U10<\/option><option value=\"U12\">U12<\/option><option value=\"U14\">U14<\/option><option value=\"U16\">U16<\/option><option value=\"U18\">U18<\/option><option value=\"U20\">U20<\/option><option value=\"M\u00e4nner \/ Frauen\">M\u00e4nner \/ Frauen<\/option><option value=\"M \\ W 30 \">M \\ W 30 <\/option><option value=\"M \\ W 35\">M \\ W 35<\/option><option value=\"M \\ W 40\">M \\ W 40<\/option><option value=\"M \\ W 45\">M \\ W 45<\/option><option value=\"M \\ W 50\">M \\ W 50<\/option><option value=\"M \\ W 55\">M \\ W 55<\/option><option value=\"M \\ W 60\">M \\ W 60<\/option><option value=\"M \\ W 65\">M \\ W 65<\/option><option value=\"M \\ W 70\">M \\ W 70<\/option><option value=\"M \\ W 75\">M \\ W 75<\/option><option value=\"M \\ W 80\">M \\ W 80<\/option><option value=\"M \\ W 85\">M \\ W 85<\/option><option value=\"M \\ W 90\">M \\ W 90<\/option><\/select><\/li><li id=\"li-5-9\" class=\"cf-box-title\">Teilnahme<\/li><li id=\"li-5-9items\" class=\"cf-box-group\"><input type=\"checkbox\" id=\"cf5_field_9-1\" name=\"cf5_field_9[]\" value=\"Mittwoch, 07.05. \"  class=\"cf-box-b\" title=\"\"\/><label id=\"label-5-91\" for=\"cf5_field_9-1\" class=\"cf-group-after\"><span>Mittwoch, 07.05. <\/span><\/label><br \/><\/li><li id=\"li-5-10\" class=\"cf-box-title\">Wettbewerbe<\/li><li id=\"li-5-10items\" class=\"cf-box-group\"><input type=\"checkbox\" id=\"cf5_field_10-1\" name=\"cf5_field_10[]\" value=\"50-m-Lauf (U12)\"  class=\"cf-box-b\" title=\"\"\/><label id=\"label-5-101\" for=\"cf5_field_10-1\" class=\"cf-group-after\"><span>50-m-Lauf (U12)<\/span><\/label><br \/><input type=\"checkbox\" id=\"cf5_field_10-2\" name=\"cf5_field_10[]\" value=\"75-m-Lauf (U14)\"  class=\"cf-box-b\" title=\"\"\/><label id=\"label-5-102\" for=\"cf5_field_10-2\" class=\"cf-group-after\"><span>75-m-Lauf (U14)<\/span><\/label><br \/><input type=\"checkbox\" id=\"cf5_field_10-3\" name=\"cf5_field_10[]\" value=\"100-m-Lauf ( U16, U18, U20, M\u00e4nner, Frauen, Senioren\/-innen)\"  class=\"cf-box-b\" title=\"\"\/><label id=\"label-5-103\" for=\"cf5_field_10-3\" class=\"cf-group-after\"><span>100-m-Lauf ( U16, U18, U20, M\u00e4nner, Frauen, Senioren\/-innen)<\/span><\/label><br \/><\/li><li id=\"li-5-11\" class=\"\"><label id=\"label-5-11\" for=\"cf5_field_11\"><span>Verein<\/span><\/label><input type=\"text\" name=\"cf5_field_11\" id=\"cf5_field_11\" class=\"single\" value=\"\" title=\"\"\/><\/li><li id=\"li-5-12\" class=\"\"><label id=\"label-5-12\" for=\"cf5_field_12\"><span>Email<\/span><\/label><input  type=\"email\" name=\"cf5_field_12\" id=\"cf5_field_12\" class=\" fldemail\" value=\"\" title=\"\"\/><span class=\"emailreqtxt\">(wird f\u00fcr die Anmeldebest\u00e4tigung ben\u00f6tigt)<\/span><\/li><li id=\"li-5-13\" class=\"\"><label id=\"label-5-13\" for=\"cf5_field_13\"><span>Bestzeit<\/span><\/label><input type=\"text\" name=\"cf5_field_13\" id=\"cf5_field_13\" class=\"single\" value=\"hh:mm:ss\" title=\"\"\/><\/li><li id=\"li-5-14\" class=\"\">\n<!-- BEGIN recaptcha, injected by plugin wp-recaptcha-integration  -->\n<div  id=\"g-recaptcha-0\" class=\"g-recaptcha\" data-sitekey=\"6LdD6JohAAAAABT-UQVPBBg_0qnuPnLZhp54u7U-\" data-theme=\"light\"><\/div><noscript><div style=\"width: 302px; height: 462px;\"><div style=\"width: 302px; height: 422px; position: relative;\"><div style=\"width: 302px; height: 422px; position: absolute;\"><iframe src=\"https:\/\/www.google.com\/recaptcha\/api\/fallback?k=6LdD6JohAAAAABT-UQVPBBg_0qnuPnLZhp54u7U-\" frameborder=\"0\" scrolling=\"no\" style=\"width: 302px; height:422px; border-style: none;\"><\/iframe><\/div><\/div><div style=\"width: 300px; height: 60px; border-style: none; bottom: 12px; left: 25px; margin: 0px; padding: 0px; right: 25px; background: #f9f9f9; border: 1px solid #c1c1c1; border-radius: 3px;\"><textarea id=\"g-recaptcha-response\" name=\"g-recaptcha-response\" class=\"g-recaptcha-response\" style=\"width: 250px; height: 40px; border: 1px solid #c1c1c1; margin: 10px 25px; padding: 0px; resize: none;\" value=\"\"><\/textarea><\/div><\/div><br><br><\/noscript>\n<!-- END recaptcha -->\n<\/li><li id=\"li-5-15\" class=\"textonly\">#Hiermit willige ich in folgende Punkte ein:<\/li><li id=\"li-5-16\" class=\"textonly\">1. Die Teilnahmeregularien an Kinderleichtathletik-Veranstaltungen richten sich nach Anhang 4 der Deutschen Leichtathletik-Ordnung - Zusatzbestimmungen zu KinderleichtathletikVeranstaltungen, die Streckenempfehlungen f\u00fcr stadionferne Veranstaltungen richten sich nach dem Empfehlungen zur Durchf\u00fchrung von stadionfernen Veranstaltungen in kindgem\u00e4\u00dfer Form.<\/li><li id=\"li-5-17\" class=\"textonly\">2. Die bei der Anmeldung vom Teilnehmer angegebenen personenbezogenen Daten werden gespeichert und zu Zwecken der Durchf\u00fchrung und Abwicklung der Veranstaltung verarbeitet.<\/li><li id=\"li-5-18\" class=\"textonly\">3. Name, Vorname, Jahrgang, Altersklasse, Wohnort, ggf. Verein, Startnummer und Ergebnis (Platzierung und Zeiten) des Teilnehmers k\u00f6nnen zur Darstellung von Start- und Ergebnislisten in allen relevanten veranstaltungsbegleitenden Medien (Druckerzeugnissen wie Programmheft, Ergebnisliste und Ergebnis-CD sowie im Internet) abgedruckt bzw. ver\u00f6ffentlicht werden. <\/li><li id=\"li-5-19\" class=\"textonly\">4. Gespeicherte, personenbezogene Daten k\u00f6nnen gegebenenfalls an einen kommerziellen Dritten zum Zweck der Zeitmessung, Erstellung der Ergebnislisten sowie der Einstellung dieser Listen ins Internet weitergegeben werden. Mit der Anmeldung willigen die Erziehungsberechtigten in eine Speicherung und Weitergabe der Daten zu diesem Zweck ein.<\/li><li id=\"li-5-20\" class=\"textonly\">5. Die im Zusammenhang mit der Teilnahme an der Veranstaltung gemachten Fotos, Filmaufnahmen und Interviews des Teilnehmers in Rundfunk, Fernsehen, Printmedien, B\u00fcchern, fotomechanischen Vervielf\u00e4ltigungen k\u00f6nnen vom Veranstalter ohne Anspruch auf Verg\u00fctung verbreitet und ver\u00f6ffentlicht werden. Die eigenen Verwertungsanspr\u00fcche der Teilnehmer oder Urheber bleiben von dieser Regelung unber\u00fchrt.<\/li><li id=\"li-5-21\" class=\"textonly\">6. Der Teilnehmer kann der Weitergabe der personenbezogenen Daten jederzeit gegen\u00fcber dem Veranstalter schriftlich, per Telefax oder E-Mail widersprechen.<\/li><li id=\"li-5-22\" class=\"textonly\">7. Bei Minderj\u00e4hrigen willigen die Erziehungsberechtigten mit der Anmeldung in die oben genannten Punkte ein.<\/li><\/ol><\/fieldset><fieldset class=\"cf_hidden\"><legend>&nbsp;<\/legend><input type=\"hidden\" name=\"cf_working5\" id=\"cf_working5\" value=\"bitte warten sie ...\"\/><input type=\"hidden\" name=\"cf_failure5\" id=\"cf_failure5\" value=\"Bitte f\u00fcllen Sie alle Pflichfelder aus!\r\n\r\nWenn sie keine Best\u00e4tigungsmail w\u00fcnschen, geben Sie bitte einfach test @lg-dornburg.de in das Email Feld ein.\"\/><input type=\"hidden\" name=\"cf_customerr5\" id=\"cf_customerr5\" value=\"y\"\/><\/fieldset><p class=\"cf-sb\"><input type=\"submit\" name=\"sendbutton5\" id=\"sendbutton5\" class=\"sendbutton\" value=\"Abschicken\" \/><\/p><\/form><div id=\"usermessage5b\" class=\"cf_info \" ><\/div>\n","protected":false},"excerpt":{"rendered":"","protected":false},"author":1,"featured_media":0,"parent":5174,"menu_order":0,"comment_status":"closed","ping_status":"closed","template":"","meta":{"ngg_post_thumbnail":0,"footnotes":""},"class_list":["post-5187","page","type-page","status-publish","hentry"],"_links":{"self":[{"href":"https:\/\/lg-dornburg.de\/index.php?rest_route=\/wp\/v2\/pages\/5187","targetHints":{"allow":["GET"]}}],"collection":[{"href":"https:\/\/lg-dornburg.de\/index.php?rest_route=\/wp\/v2\/pages"}],"about":[{"href":"https:\/\/lg-dornburg.de\/index.php?rest_route=\/wp\/v2\/types\/page"}],"author":[{"embeddable":true,"href":"https:\/\/lg-dornburg.de\/index.php?rest_route=\/wp\/v2\/users\/1"}],"replies":[{"embeddable":true,"href":"https:\/\/lg-dornburg.de\/index.php?rest_route=%2Fwp%2Fv2%2Fcomments&post=5187"}],"version-history":[{"count":22,"href":"https:\/\/lg-dornburg.de\/index.php?rest_route=\/wp\/v2\/pages\/5187\/revisions"}],"predecessor-version":[{"id":17270,"href":"https:\/\/lg-dornburg.de\/index.php?rest_route=\/wp\/v2\/pages\/5187\/revisions\/17270"}],"up":[{"embeddable":true,"href":"https:\/\/lg-dornburg.de\/index.php?rest_route=\/wp\/v2\/pages\/5174"}],"wp:attachment":[{"href":"https:\/\/lg-dornburg.de\/index.php?rest_route=%2Fwp%2Fv2%2Fmedia&parent=5187"}],"curies":[{"name":"wp","href":"https:\/\/api.w.org\/{rel}","templated":true}]}}