{"id":614,"date":"2012-06-08T15:31:24","date_gmt":"2012-06-08T15:31:24","guid":{"rendered":"http:\/\/lg-dornburg.de\/?page_id=614"},"modified":"2025-08-20T11:50:47","modified_gmt":"2025-08-20T09:50:47","slug":"auschreibung","status":"publish","type":"page","link":"https:\/\/lg-dornburg.de\/?page_id=614","title":{"rendered":"Auschreibung ABSF 25"},"content":{"rendered":"<p><strong>Ausschreibung I 34. Abendsportfest der LG Dornburg I &nbsp;2025<\/strong><\/p>\n<p><strong>Wettkampfst\u00e4tte:<\/strong> &nbsp;&nbsp;&nbsp;&nbsp;&nbsp;&nbsp;&nbsp;&nbsp;&nbsp;&nbsp;&nbsp;&nbsp; Schulstadion Westerburg, W\u00f6rthstra\u00dfe 18, 56457 Westerburg<\/p>\n<p><strong>Datum:<\/strong> &nbsp;&nbsp;&nbsp;&nbsp;&nbsp;&nbsp;&nbsp;&nbsp;&nbsp;&nbsp;&nbsp;&nbsp;&nbsp;&nbsp;&nbsp;&nbsp; &nbsp;&nbsp;&nbsp;&nbsp;&nbsp;&nbsp;&nbsp;&nbsp;&nbsp;&nbsp;&nbsp;&nbsp;&nbsp;&nbsp;&nbsp; Mittwoch, 03. September 2025, ab 16:30 Uhr<\/p>\n<p><strong>Wettbewerbe: <\/strong><\/p>\n<p>30m\/50m:&nbsp;&nbsp;&nbsp;&nbsp;&nbsp;&nbsp;&nbsp;&nbsp;&nbsp;<\/p>\n<p>Kinder U12\/U10\/U8 (Vereinsintern)<\/p>\n<p>75m:&nbsp;&nbsp;&nbsp;&nbsp;&nbsp;&nbsp;&nbsp;&nbsp;&nbsp;&nbsp;&nbsp;&nbsp;&nbsp;&nbsp;&nbsp;&nbsp;&nbsp;&nbsp;&nbsp;&nbsp;&nbsp;&nbsp;<\/p>\n<p>Jugend U14<\/p>\n<p>100m:&nbsp;&nbsp;&nbsp;&nbsp;&nbsp;&nbsp;&nbsp;&nbsp;&nbsp;&nbsp;&nbsp;&nbsp;&nbsp;&nbsp;&nbsp;&nbsp;&nbsp;&nbsp;&nbsp;<\/p>\n<p>U16, U18 , M\u00e4nner, Frauen , Senioren\/-innen<\/p>\n<p>800m: &nbsp; &nbsp;&nbsp;&nbsp;&nbsp;&nbsp;&nbsp;&nbsp;&nbsp;&nbsp;&nbsp;&nbsp;&nbsp;&nbsp;&nbsp;&nbsp;<\/p>\n<p>U12, U14, U16, U18, M\u00e4nner , Frauen , Senioren\/-innen<\/p>\n<p>3000m: &nbsp;&nbsp;&nbsp;&nbsp;&nbsp;&nbsp;&nbsp;&nbsp;&nbsp;&nbsp;&nbsp;&nbsp;&nbsp;&nbsp;&nbsp;<\/p>\n<p>U16 (KM), U18 (KM), M\u00e4nner (KM), Frauen (KM), Senioren\/-innen (KM)<\/p>\n<p>Weit:&nbsp;&nbsp;&nbsp;&nbsp;&nbsp;&nbsp;&nbsp;&nbsp;&nbsp;&nbsp;&nbsp;&nbsp;&nbsp;&nbsp;&nbsp;&nbsp;&nbsp;&nbsp;&nbsp;&nbsp;<\/p>\n<p>U14, U16, U18 , M\u00e4nner , Frauen ), Senioren\/-innen<\/p>\n<p>Kugel: &nbsp; &nbsp;&nbsp;&nbsp;&nbsp;&nbsp;&nbsp;&nbsp;&nbsp;&nbsp;&nbsp;&nbsp;&nbsp;&nbsp;&nbsp;&nbsp;<\/p>\n<p>U14, U16, U18, M\u00e4nner , Frauen ), Senioren\/-innen<\/p>\n<p><strong>&nbsp;<\/strong><\/p>\n<p><strong>Auszeichnungen:<\/strong> &nbsp;&nbsp;&nbsp;&nbsp;&nbsp;&nbsp;&nbsp;&nbsp;&nbsp;&nbsp;&nbsp;&nbsp;<\/p>\n<p>Urkunden f\u00fcr alle Teilnehmerinnen und Teilnehmer. &nbsp;&nbsp;<\/p>\n<p><strong>Ergebnislisten:<\/strong> &nbsp;&nbsp; &nbsp;&nbsp;&nbsp;&nbsp;&nbsp;&nbsp;&nbsp;&nbsp;&nbsp;&nbsp;&nbsp;&nbsp;&nbsp;&nbsp;&nbsp;<\/p>\n<p>Die Ergebnisse sind unter http:\/\/www.lg-dornburg.de einzusehen.<\/p>\n<p><strong>Meldungen:<\/strong> &nbsp;&nbsp;&nbsp;&nbsp;&nbsp;&nbsp;&nbsp;&nbsp;&nbsp;&nbsp;&nbsp;&nbsp;&nbsp;&nbsp;&nbsp;&nbsp;&nbsp;&nbsp;&nbsp;&nbsp;&nbsp;&nbsp;&nbsp;&nbsp;<\/p>\n<p>mit Angabe der aktuellen Bestzeit (alle L\u00e4ufe sind Zeitl\u00e4ufe!) bis zum 03.09.2025 an:<\/p>\n<p><strong>Meldeadresse:<\/strong> &nbsp;&nbsp;&nbsp;&nbsp;&nbsp;&nbsp;&nbsp;&nbsp;&nbsp;&nbsp;&nbsp;&nbsp;&nbsp;&nbsp;&nbsp;<\/p>\n<p>Sebastian Schneider,<\/p>\n<p>Tel. 0170 2430871,<\/p>\n<p>Mail:&nbsp; <a href=\"mailto:meldung@lg-dornburg.de\">meldung@lg-dornburg.de<\/a><br \/>\n(Nachmeldungen sind am Wettkampftag m\u00f6glich Nachmeldegeb\u00fchr: 4.00 Euro)<\/p>\n<p>&nbsp;<\/p>\n<p><strong>Startgeld:<\/strong> &nbsp;&nbsp;&nbsp;&nbsp;&nbsp;&nbsp;&nbsp;&nbsp;&nbsp;&nbsp;&nbsp;&nbsp;&nbsp;&nbsp;&nbsp;&nbsp;&nbsp;&nbsp;&nbsp;&nbsp;&nbsp;&nbsp;&nbsp;&nbsp;&nbsp;&nbsp; &nbsp;<\/p>\n<p>M\u00e4nner\/Frauen\/Senioren: 6,00 Euro,&nbsp;&nbsp;&nbsp;&nbsp;&nbsp;&nbsp;&nbsp;&nbsp;&nbsp;&nbsp;&nbsp;&nbsp;&nbsp;&nbsp;&nbsp;&nbsp;&nbsp;&nbsp;&nbsp;&nbsp;&nbsp;&nbsp;&nbsp;&nbsp;&nbsp;&nbsp;&nbsp;&nbsp;&nbsp;&nbsp;&nbsp;&nbsp;&nbsp;&nbsp;&nbsp;&nbsp;&nbsp;&nbsp;&nbsp;&nbsp;&nbsp;&nbsp;&nbsp;&nbsp;&nbsp;&nbsp;&nbsp;&nbsp;&nbsp;&nbsp;<\/p>\n<p>Jugend (U20\/U18\/U16): 4,00&nbsp;&nbsp;&nbsp;&nbsp;&nbsp;&nbsp;&nbsp;&nbsp;&nbsp;&nbsp;&nbsp;&nbsp;&nbsp;&nbsp;&nbsp;&nbsp;&nbsp;&nbsp;&nbsp;&nbsp;&nbsp;&nbsp;&nbsp;&nbsp;&nbsp;&nbsp;&nbsp;&nbsp;&nbsp;&nbsp;&nbsp;&nbsp;&nbsp;&nbsp;&nbsp;&nbsp;&nbsp;&nbsp;&nbsp;&nbsp;&nbsp;&nbsp;<\/p>\n<p>Euro, Kinder (ab U12): 3.00 Euro jeweils &nbsp;&nbsp;&nbsp;&nbsp;&nbsp;&nbsp;&nbsp;&nbsp;&nbsp;&nbsp;&nbsp;&nbsp;&nbsp;&nbsp;<\/p>\n<p>&nbsp;<\/p>\n<h3>Zeitplan<\/h3>\n<p>(\u00c4nderungen vorbehalten!)<\/p>\n<p>&nbsp;<\/p>\n<table width=\"676\">\n<tbody>\n<tr>\n<td width=\"45\"><strong>Zeit<\/strong><\/td>\n<td width=\"97\"><strong>Sch\u00fcler<\/strong><\/td>\n<td width=\"97\"><strong>M\u00e4nnliche<\/strong><\/p>\n<p><strong>Jugend U18+U20<\/strong><\/td>\n<td width=\"102\"><strong>M\u00e4nner\/<\/strong><\/p>\n<p><strong>Senioren<\/strong><\/td>\n<td width=\"97\"><strong>Sch\u00fclerinnen<\/strong><\/td>\n<td width=\"97\"><strong>Weibliche<\/strong><\/p>\n<p><strong>Jugend U18+U20<\/strong><\/td>\n<td width=\"97\"><strong>Frauen\/ Seniorinnen<\/strong><\/td>\n<td width=\"45\"><strong>Zeit<\/strong><\/td>\n<\/tr>\n<tr>\n<td width=\"45\"><strong>16:45<\/strong><\/p>\n<p><strong>&nbsp;<\/strong><\/td>\n<td width=\"97\"><strong>50m <\/strong><\/p>\n<p><strong>(U8-U12)<\/strong><\/td>\n<td width=\"97\"><strong>&nbsp;<\/strong><\/td>\n<td width=\"102\"><strong>&nbsp;<\/strong><\/td>\n<td width=\"97\"><strong>50m <\/strong><\/p>\n<p><strong>(U8-U12)<\/strong><\/td>\n<td width=\"97\"><strong>&nbsp;<\/strong><\/td>\n<td width=\"97\"><strong>&nbsp;<\/strong><\/td>\n<td width=\"45\"><strong>&nbsp;<\/strong><\/td>\n<\/tr>\n<tr>\n<td width=\"45\"><strong>17.00<\/strong><\/td>\n<td width=\"97\"><strong>75m <\/strong><\/p>\n<p><strong>(U13-U14)<\/strong><\/td>\n<td width=\"97\"><strong>&nbsp;<\/strong><\/td>\n<td width=\"102\"><strong>&nbsp;<\/strong><\/td>\n<td width=\"97\"><strong>75m <\/strong><\/p>\n<p><strong>(U13-U14)<\/strong><\/td>\n<td width=\"97\"><strong>&nbsp;<\/strong><\/td>\n<td width=\"97\"><strong>&nbsp;<\/strong><\/td>\n<td width=\"45\"><strong>&nbsp;<\/strong><\/td>\n<\/tr>\n<tr>\n<td width=\"45\"><strong>17.20<\/strong><\/p>\n<p><strong>&nbsp;<\/strong><\/td>\n<td width=\"97\"><strong>&nbsp;<\/strong><\/td>\n<td width=\"97\"><strong>&nbsp;<\/strong><\/td>\n<td width=\"102\"><strong>&nbsp;<\/strong><\/td>\n<td width=\"97\"><strong>&nbsp;<\/strong><\/td>\n<td width=\"97\"><strong>&nbsp;<\/strong><\/td>\n<td width=\"97\"><strong>&nbsp;<\/strong><\/td>\n<td width=\"45\"><strong>&nbsp;<\/strong><\/td>\n<\/tr>\n<tr>\n<td width=\"45\"><strong>17.30<\/strong><\/td>\n<td width=\"97\"><strong>100m <\/strong><\/p>\n<p><strong>(<\/strong><strong>U16)<\/strong><\/td>\n<td width=\"97\"><strong>100m<\/strong><\/p>\n<p><strong>&nbsp;<\/strong><\/td>\n<td width=\"102\"><strong>100m<\/strong><\/p>\n<p><strong>&nbsp;<\/strong><\/td>\n<td width=\"97\"><strong>100m <\/strong><\/p>\n<p><strong>(U16)<\/strong><\/td>\n<td width=\"97\"><strong>100m <\/strong><\/td>\n<td width=\"97\"><strong>100m <\/strong><\/td>\n<td width=\"45\"><strong>17.30<\/strong><\/td>\n<\/tr>\n<tr>\n<td width=\"45\"><strong>17.40<\/strong><\/td>\n<td width=\"97\"><strong>&nbsp;<\/strong><\/p>\n<p><strong>&nbsp;<\/strong><\/td>\n<td width=\"97\"><strong>&nbsp;<\/strong><\/td>\n<td width=\"102\"><strong>&nbsp;<\/strong><\/td>\n<td width=\"97\"><strong>&nbsp;<\/strong><\/td>\n<td width=\"97\"><strong>&nbsp;<\/strong><\/td>\n<td width=\"97\"><strong>&nbsp;<\/strong><\/td>\n<td width=\"45\"><strong>17.40<\/strong><\/td>\n<\/tr>\n<tr>\n<td width=\"45\"><strong>17.50<\/strong><\/td>\n<td width=\"97\"><strong>800m*<\/strong><\/p>\n<p><strong>(ab U12)<\/strong><\/td>\n<td width=\"97\"><strong>800m*<\/strong><\/p>\n<p><strong>&nbsp;<\/strong><\/td>\n<td width=\"102\"><strong>800m*<\/strong><\/p>\n<p><strong>&nbsp;<\/strong><\/td>\n<td width=\"97\"><strong>800m* (ab U12)<\/strong><\/p>\n<p><strong>&nbsp;<\/strong><\/td>\n<td width=\"97\"><strong>800m*<\/strong><\/p>\n<p><strong>&nbsp;<\/strong><\/td>\n<td width=\"97\"><strong>800m*<\/strong><\/p>\n<p><strong>&nbsp;<\/strong><\/td>\n<td width=\"45\"><strong>17.50<\/strong><\/td>\n<\/tr>\n<tr>\n<td width=\"45\"><strong>18.00<\/strong><\/p>\n<p><strong>&nbsp;<\/strong><\/td>\n<td width=\"97\"><strong>Kugel<\/strong><\/td>\n<td width=\"97\"><strong>Kugel<\/strong><\/td>\n<td width=\"102\"><strong>Kugel<\/strong><\/td>\n<td width=\"97\"><strong>Weit<\/strong><\/td>\n<td width=\"97\"><strong>Weit<\/strong><\/td>\n<td width=\"97\"><strong>Weit<\/strong><\/td>\n<td width=\"45\"><strong>18.00<\/strong><\/p>\n<p><strong>&nbsp;<\/strong><\/td>\n<\/tr>\n<tr>\n<td width=\"45\"><strong>18.10<\/strong><\/td>\n<td width=\"97\"><strong>&nbsp;<\/strong><\/td>\n<td width=\"97\"><strong>&nbsp;<\/strong><\/td>\n<td width=\"102\"><strong>&nbsp;<\/strong><\/td>\n<td width=\"97\"><strong>&nbsp;<\/strong><\/td>\n<td width=\"97\"><strong>&nbsp;<\/strong><\/p>\n<p><strong>&nbsp;<\/strong><\/td>\n<td width=\"97\"><strong>&nbsp;<\/strong><\/td>\n<td width=\"45\"><strong>18.10<\/strong><\/td>\n<\/tr>\n<tr>\n<td width=\"45\"><strong>18.20<\/strong><\/td>\n<td width=\"97\"><strong>&nbsp;<\/strong><\/td>\n<td width=\"97\"><strong>&nbsp;<\/strong><\/td>\n<td width=\"102\"><strong>&nbsp;<\/strong><\/td>\n<td width=\"97\"><strong>&nbsp;<\/strong><\/td>\n<td width=\"97\"><strong>&nbsp;<\/strong><\/td>\n<td width=\"97\"><strong>&nbsp;<\/strong><\/p>\n<p><strong>&nbsp;<\/strong><\/td>\n<td width=\"45\"><strong>18.20<\/strong><\/td>\n<\/tr>\n<tr>\n<td width=\"45\"><strong>18.30<\/strong><\/td>\n<td width=\"97\"><strong>&nbsp;<\/strong><\/p>\n<p><strong>&nbsp;<\/strong><\/td>\n<td width=\"97\"><strong>&nbsp;<\/strong><\/td>\n<td width=\"102\"><strong>&nbsp;<\/strong><\/td>\n<td width=\"97\"><strong>&nbsp;<\/strong><\/td>\n<td width=\"97\"><strong>&nbsp;<\/strong><\/td>\n<td width=\"97\"><strong>&nbsp;<\/strong><\/td>\n<td width=\"45\"><strong>18.30<\/strong><\/td>\n<\/tr>\n<tr>\n<td width=\"45\"><strong>18.40<\/strong><\/td>\n<td width=\"97\"><strong>3000m*<\/strong><\/p>\n<p><strong>(U16)<\/strong><\/td>\n<td width=\"97\"><strong>3000m*<\/strong><\/p>\n<p><strong>&nbsp;<\/strong><\/td>\n<td width=\"102\"><strong>3000m*<\/strong><\/p>\n<p><strong>&nbsp;<\/strong><\/td>\n<td width=\"97\"><strong>3000m*<\/strong><\/p>\n<p><strong>(U16)<\/strong><\/td>\n<td width=\"97\"><strong>3000m*<\/strong><\/td>\n<td width=\"97\"><strong>3000m*<\/strong><\/td>\n<td width=\"45\"><strong>18.40<\/strong><\/td>\n<\/tr>\n<tr>\n<td width=\"45\"><strong>18.50<\/strong><\/td>\n<td width=\"97\"><strong>&nbsp;<\/strong><\/p>\n<p><strong>&nbsp;<\/strong><\/td>\n<td width=\"97\"><strong>&nbsp;<\/strong><\/td>\n<td width=\"102\"><strong>&nbsp;<\/strong><\/td>\n<td width=\"97\"><strong>&nbsp;<\/strong><\/td>\n<td width=\"97\"><strong>&nbsp;<\/strong><\/td>\n<td width=\"97\"><strong>&nbsp;<\/strong><\/td>\n<td width=\"45\"><strong>18.50<\/strong><\/td>\n<\/tr>\n<tr>\n<td width=\"45\"><strong>19.00<\/strong><\/td>\n<td width=\"97\"><strong>&nbsp;<\/strong><\/p>\n<p><strong>&nbsp;<\/strong><\/td>\n<td width=\"97\"><strong>&nbsp;<\/strong><\/td>\n<td width=\"102\"><strong>&nbsp;<\/strong><\/td>\n<td width=\"97\"><strong>Kugel<\/strong><\/td>\n<td width=\"97\"><strong>Kugel<\/strong><\/td>\n<td width=\"97\"><strong>Kugel<\/strong><\/td>\n<td width=\"45\"><strong>19.00<\/strong><\/td>\n<\/tr>\n<tr>\n<td width=\"45\"><strong>19.10<\/strong><\/td>\n<td width=\"97\"><strong>Weit<\/strong><\/p>\n<p><strong>&nbsp;<\/strong><\/td>\n<td width=\"97\"><strong>Weit<\/strong><\/td>\n<td width=\"102\"><strong>Weit<\/strong><\/td>\n<td width=\"97\"><strong>&nbsp;<\/strong><\/td>\n<td width=\"97\"><strong>&nbsp;<\/strong><\/td>\n<td width=\"97\"><strong>&nbsp;<\/strong><\/td>\n<td width=\"45\"><strong>19.10<\/strong><\/td>\n<\/tr>\n<tr>\n<td width=\"45\"><strong>19.20<\/strong><\/td>\n<td width=\"97\"><strong>&nbsp;<\/strong><\/td>\n<td width=\"97\"><strong>&nbsp;<\/strong><\/p>\n<p><strong>&nbsp;<\/strong><\/td>\n<td width=\"102\"><strong>&nbsp;<\/strong><\/td>\n<td width=\"97\"><strong>&nbsp;<\/strong><\/td>\n<td width=\"97\"><strong>&nbsp;<\/strong><\/td>\n<td width=\"97\"><strong>&nbsp;<\/strong><\/td>\n<td width=\"45\"><strong>19.20<\/strong><\/td>\n<\/tr>\n<tr>\n<td width=\"45\"><strong>19.30<\/strong><\/td>\n<td width=\"97\"><strong>&nbsp;<\/strong><\/td>\n<td width=\"97\"><strong>&nbsp;<\/strong><\/p>\n<p><strong>&nbsp;<\/strong><\/td>\n<td width=\"102\"><strong>&nbsp;<\/strong><\/td>\n<td width=\"97\"><strong>&nbsp;<\/strong><\/td>\n<td width=\"97\"><strong>&nbsp;<\/strong><\/td>\n<td width=\"97\"><strong>&nbsp;<\/strong><\/td>\n<td width=\"45\"><strong>19.30<\/strong><\/td>\n<\/tr>\n<tr>\n<td width=\"45\"><strong>19.40<\/strong><\/td>\n<td width=\"97\"><strong>&nbsp;<\/strong><\/p>\n<p><strong>&nbsp;<\/strong><\/td>\n<td width=\"97\"><strong>&nbsp;<\/strong><\/td>\n<td width=\"102\"><strong>&nbsp;<\/strong><\/td>\n<td width=\"97\"><strong>&nbsp;<\/strong><\/td>\n<td width=\"97\"><strong>&nbsp;<\/strong><\/td>\n<td width=\"97\"><strong>&nbsp;<\/strong><\/td>\n<td width=\"45\"><strong>19.40<\/strong><\/td>\n<\/tr>\n<tr>\n<td width=\"45\"><strong>19.50<\/strong><\/td>\n<td width=\"97\"><strong>&nbsp;<\/strong><\/p>\n<p><strong>&nbsp;<\/strong><\/td>\n<td width=\"97\"><strong>&nbsp;<\/strong><\/td>\n<td width=\"102\"><strong>&nbsp;<\/strong><\/td>\n<td width=\"97\"><strong>&nbsp;<\/strong><\/td>\n<td width=\"97\"><strong>&nbsp;<\/strong><\/td>\n<td width=\"97\"><strong>&nbsp;<\/strong><\/td>\n<td width=\"45\"><strong>19.50<\/strong><\/td>\n<\/tr>\n<tr>\n<td width=\"45\"><strong>20.00<\/strong><\/td>\n<td width=\"97\"><strong>&nbsp;<\/strong><\/p>\n<p><strong>&nbsp;<\/strong><\/td>\n<td width=\"97\"><strong>&nbsp;<\/strong><\/td>\n<td width=\"102\"><strong>&nbsp;<\/strong><\/td>\n<td width=\"97\"><strong>&nbsp;<\/strong><\/td>\n<td width=\"97\"><strong>&nbsp;<\/strong><\/td>\n<td width=\"97\"><strong>&nbsp;<\/strong><\/td>\n<td width=\"45\"><strong>20.00<\/strong><\/td>\n<\/tr>\n<\/tbody>\n<\/table>\n<p>*&nbsp; = Die Teilnehmer werden nach den aktuellen Bestzeiten gesetzt! Es finden ggfs. mehrere Zeitl\u00e4ufe statt!<\/p>\n<iframe src=\"\/\/docs.google.com\/viewer?url=https%3A%2F%2Flg-dornburg.de%2Fwp-content%2Fuploads%2F2025%2F08%2FAbenssportfest-LGD-I-Ausschreibung-25.pdf&hl=de&embedded=true\" class=\"gde-frame\" style=\"width:100%; height:500px; border: none;\" scrolling=\"no\"><\/iframe>\n<p class=\"gde-text\"><a href=\"https:\/\/lg-dornburg.de\/wp-content\/uploads\/2025\/08\/Abenssportfest-LGD-I-Ausschreibung-25.pdf\" class=\"gde-link\">Download (PDF, 176KB)<\/a><\/p>\n","protected":false},"excerpt":{"rendered":"<p>Ausschreibung I 34. Abendsportfest der LG Dornburg I &nbsp;2025 Wettkampfst\u00e4tte: &nbsp;&nbsp;&nbsp;&nbsp;&nbsp;&nbsp;&nbsp;&nbsp;&nbsp;&nbsp;&nbsp;&nbsp; Schulstadion Westerburg, W\u00f6rthstra\u00dfe 18, 56457 Westerburg Datum: &nbsp;&nbsp;&nbsp;&nbsp;&nbsp;&nbsp;&nbsp;&nbsp;&nbsp;&nbsp;&nbsp;&nbsp;&nbsp;&nbsp;&nbsp;&nbsp; &nbsp;&nbsp;&nbsp;&nbsp;&nbsp;&nbsp;&nbsp;&nbsp;&nbsp;&nbsp;&nbsp;&nbsp;&nbsp;&nbsp;&nbsp; Mittwoch, 03. September 2025, ab 16:30 Uhr Wettbewerbe: 30m\/50m:&nbsp;&nbsp;&nbsp;&nbsp;&nbsp;&nbsp;&nbsp;&nbsp;&nbsp; Kinder U12\/U10\/U8 (Vereinsintern) 75m:&nbsp;&nbsp;&nbsp;&nbsp;&nbsp;&nbsp;&nbsp;&nbsp;&nbsp;&nbsp;&nbsp;&nbsp;&nbsp;&nbsp;&nbsp;&nbsp;&nbsp;&nbsp;&nbsp;&nbsp;&nbsp;&nbsp; Jugend U14 100m:&nbsp;&nbsp;&nbsp;&nbsp;&nbsp;&nbsp;&nbsp;&nbsp;&nbsp;&nbsp;&nbsp;&nbsp;&nbsp;&nbsp;&nbsp;&nbsp;&nbsp;&nbsp;&nbsp; U16, U18 , M\u00e4nner, Frauen , Senioren\/-innen 800m: &nbsp; &nbsp;&nbsp;&nbsp;&nbsp;&nbsp;&nbsp;&nbsp;&nbsp;&nbsp;&nbsp;&nbsp;&nbsp;&nbsp;&nbsp;&nbsp; U12, U14, U16, U18, M\u00e4nner , Frauen , Senioren\/-innen &hellip; <a href=\"https:\/\/lg-dornburg.de\/?page_id=614\" class=\"more-link\"><span class=\"screen-reader-text\">Auschreibung ABSF 25<\/span> weiterlesen <span class=\"meta-nav\">&rarr;<\/span><\/a><\/p>\n","protected":false},"author":2,"featured_media":0,"parent":6,"menu_order":0,"comment_status":"closed","ping_status":"closed","template":"","meta":{"ngg_post_thumbnail":0,"footnotes":""},"class_list":["post-614","page","type-page","status-publish","hentry"],"_links":{"self":[{"href":"https:\/\/lg-dornburg.de\/index.php?rest_route=\/wp\/v2\/pages\/614","targetHints":{"allow":["GET"]}}],"collection":[{"href":"https:\/\/lg-dornburg.de\/index.php?rest_route=\/wp\/v2\/pages"}],"about":[{"href":"https:\/\/lg-dornburg.de\/index.php?rest_route=\/wp\/v2\/types\/page"}],"author":[{"embeddable":true,"href":"https:\/\/lg-dornburg.de\/index.php?rest_route=\/wp\/v2\/users\/2"}],"replies":[{"embeddable":true,"href":"https:\/\/lg-dornburg.de\/index.php?rest_route=%2Fwp%2Fv2%2Fcomments&post=614"}],"version-history":[{"count":66,"href":"https:\/\/lg-dornburg.de\/index.php?rest_route=\/wp\/v2\/pages\/614\/revisions"}],"predecessor-version":[{"id":18070,"href":"https:\/\/lg-dornburg.de\/index.php?rest_route=\/wp\/v2\/pages\/614\/revisions\/18070"}],"up":[{"embeddable":true,"href":"https:\/\/lg-dornburg.de\/index.php?rest_route=\/wp\/v2\/pages\/6"}],"wp:attachment":[{"href":"https:\/\/lg-dornburg.de\/index.php?rest_route=%2Fwp%2Fv2%2Fmedia&parent=614"}],"curies":[{"name":"wp","href":"https:\/\/api.w.org\/{rel}","templated":true}]}}